{"id":46,"date":"2026-02-26T14:05:30","date_gmt":"2026-02-26T13:05:30","guid":{"rendered":"https:\/\/webbkurs.ei.hv.se\/~jony0028\/ekholmsnas\/?page_id=46"},"modified":"2026-04-13T17:54:25","modified_gmt":"2026-04-13T15:54:25","slug":"om-oss","status":"publish","type":"page","link":"https:\/\/webbkurs.ei.hv.se\/~jony0028\/ekholmsnas\/om-oss\/","title":{"rendered":"Om oss"},"content":{"rendered":"\t\t<div data-elementor-type=\"wp-page\" data-elementor-id=\"46\" class=\"elementor elementor-46\">\n\t\t\t\t<div class=\"elementor-element elementor-element-51a66a3 e-flex e-con-boxed e-con e-parent\" data-id=\"51a66a3\" data-element_type=\"container\" data-e-type=\"container\" data-settings=\"{&quot;background_background&quot;:&quot;classic&quot;}\">\n\t\t\t\t\t<div class=\"e-con-inner\">\n\t\t\t\t<div class=\"elementor-element elementor-element-8381e0e elementor-widget elementor-widget-spacer\" data-id=\"8381e0e\" data-element_type=\"widget\" data-e-type=\"widget\" data-widget_type=\"spacer.default\">\n\t\t\t\t\t\t\t<div class=\"elementor-spacer\">\n\t\t\t<div class=\"elementor-spacer-inner\"><\/div>\n\t\t<\/div>\n\t\t\t\t\t\t<\/div>\n\t\t\t\t<div class=\"elementor-element elementor-element-2652c84 elementor-widget elementor-widget-heading\" data-id=\"2652c84\" data-element_type=\"widget\" data-e-type=\"widget\" data-widget_type=\"heading.default\">\n\t\t\t\t\t<h1 class=\"elementor-heading-title elementor-size-default\">Om Ekholmsn\u00e4sbacken<\/h1>\t\t\t\t<\/div>\n\t\t\t\t\t<\/div>\n\t\t\t\t<\/div>\n\t\t<div class=\"elementor-element elementor-element-606f540 e-flex e-con-boxed elementor-invisible e-con e-parent\" data-id=\"606f540\" data-element_type=\"container\" data-e-type=\"container\" data-settings=\"{&quot;animation&quot;:&quot;fadeIn&quot;}\">\n\t\t\t\t\t<div class=\"e-con-inner\">\n\t\t<div class=\"elementor-element elementor-element-a95fe72 e-con-full e-flex e-con e-child\" data-id=\"a95fe72\" data-element_type=\"container\" data-e-type=\"container\" data-settings=\"{&quot;background_background&quot;:&quot;classic&quot;}\">\n\t\t\t\t<div class=\"elementor-element elementor-element-e972c8d elementor-widget-tablet__width-initial elementor-widget__width-initial elementor-widget elementor-widget-text-editor\" data-id=\"e972c8d\" data-element_type=\"widget\" data-e-type=\"widget\" data-widget_type=\"text-editor.default\">\n\t\t\t\t\t\t\t\t\t<p>Ekholmsn\u00e4sbacken \u00e4r en skidanl\u00e4ggning p\u00e5 Liding\u00f6 utanf\u00f6r Stockholm och \u00e4r hem f\u00f6r Liding\u00f6 slalomklubb samt Liding\u00f6 Freeskiers. Backen st\u00e5r stolt med sina 70 m\u00f6h och besitter tv\u00e5 nedfarter, en ankarlift, en knapplift och ett rullband. Backen har under senare \u00e5ren rustats upp med ett toppmodernt sn\u00f6system f\u00f6r att kunna t\u00e4cka backen med konstsn\u00f6 \u00e4ven under de mest kr\u00e4vande f\u00f6rh\u00e5llandena.<\/p><p>Redan under 80-talet var backen ett popul\u00e4rt friluftsomr\u00e5de f\u00f6r Stockholms skidintresserade inv\u00e5nare och har sedan dess varit v\u00e4rd f\u00f6r m\u00e5nga klassiska t\u00e4vlingar och event, med den mest minnesv\u00e4rda parallellslalomen 1982 d\u00e4r Ingemar Stenmark till publikens fasa br\u00f6t benet.<\/p><p>Ekholmsn\u00e4sbacken p\u00e5 Liding\u00f6 drivs sedan s\u00e4songen 2016\/2017 av f\u00f6retaget Snow Consulting som \u00e4ven driver Ekebyhovsbacken p\u00e5 Eker\u00f6 och V\u00e4sj\u00f6backen i Sollentuna.<\/p>\t\t\t\t\t\t\t\t<\/div>\n\t\t\t\t<\/div>\n\t\t<div class=\"elementor-element elementor-element-517415e e-con-full e-flex e-con e-child\" data-id=\"517415e\" data-element_type=\"container\" data-e-type=\"container\" data-settings=\"{&quot;background_background&quot;:&quot;slideshow&quot;,&quot;background_slideshow_gallery&quot;:[{&quot;id&quot;:524,&quot;url&quot;:&quot;https:\\\/\\\/webbkurs.ei.hv.se\\\/~jony0028\\\/ekholmsnas\\\/wp-content\\\/uploads\\\/2026\\\/03\\\/1.png&quot;},{&quot;id&quot;:529,&quot;url&quot;:&quot;https:\\\/\\\/webbkurs.ei.hv.se\\\/~jony0028\\\/ekholmsnas\\\/wp-content\\\/uploads\\\/2026\\\/03\\\/6.png&quot;},{&quot;id&quot;:525,&quot;url&quot;:&quot;https:\\\/\\\/webbkurs.ei.hv.se\\\/~jony0028\\\/ekholmsnas\\\/wp-content\\\/uploads\\\/2026\\\/03\\\/2.png&quot;},{&quot;id&quot;:527,&quot;url&quot;:&quot;https:\\\/\\\/webbkurs.ei.hv.se\\\/~jony0028\\\/ekholmsnas\\\/wp-content\\\/uploads\\\/2026\\\/03\\\/4-1.png&quot;},{&quot;id&quot;:528,&quot;url&quot;:&quot;https:\\\/\\\/webbkurs.ei.hv.se\\\/~jony0028\\\/ekholmsnas\\\/wp-content\\\/uploads\\\/2026\\\/03\\\/5-1.png&quot;},{&quot;id&quot;:526,&quot;url&quot;:&quot;https:\\\/\\\/webbkurs.ei.hv.se\\\/~jony0028\\\/ekholmsnas\\\/wp-content\\\/uploads\\\/2026\\\/03\\\/3.png&quot;}],&quot;background_slideshow_slide_duration&quot;:2000,&quot;background_slideshow_loop&quot;:&quot;yes&quot;,&quot;background_slideshow_slide_transition&quot;:&quot;fade&quot;,&quot;background_slideshow_transition_duration&quot;:500}\">\n\t\t\t\t<\/div>\n\t\t\t\t\t<\/div>\n\t\t\t\t<\/div>\n\t\t<div class=\"elementor-element elementor-element-bc4fe85 e-flex e-con-boxed e-con e-parent\" data-id=\"bc4fe85\" data-element_type=\"container\" data-e-type=\"container\">\n\t\t\t\t\t<div class=\"e-con-inner\">\n\t\t\t\t<div class=\"elementor-element elementor-element-df17fc9 elementor-widget elementor-widget-spacer\" data-id=\"df17fc9\" data-element_type=\"widget\" data-e-type=\"widget\" data-widget_type=\"spacer.default\">\n\t\t\t\t\t\t\t<div class=\"elementor-spacer\">\n\t\t\t<div class=\"elementor-spacer-inner\"><\/div>\n\t\t<\/div>\n\t\t\t\t\t\t<\/div>\n\t\t\t\t\t<\/div>\n\t\t\t\t<\/div>\n\t\t<div class=\"elementor-element elementor-element-f89987d e-flex e-con-boxed e-con e-parent\" data-id=\"f89987d\" data-element_type=\"container\" data-e-type=\"container\">\n\t\t\t\t\t<div class=\"e-con-inner\">\n\t\t<div class=\"elementor-element elementor-element-1eb8b12 e-con-full e-flex e-con e-child\" data-id=\"1eb8b12\" data-element_type=\"container\" data-e-type=\"container\" data-settings=\"{&quot;background_background&quot;:&quot;classic&quot;}\">\n\t\t\t\t<div class=\"elementor-element elementor-element-3b429ed elementor-widget__width-initial elementor-widget elementor-widget-heading\" data-id=\"3b429ed\" data-element_type=\"widget\" data-e-type=\"widget\" data-widget_type=\"heading.default\">\n\t\t\t\t\t<h2 class=\"elementor-heading-title elementor-size-default\">Hitta till oss<\/h2>\t\t\t\t<\/div>\n\t\t\t\t<div class=\"elementor-element elementor-element-51f68d4 elementor-widget-tablet__width-initial elementor-widget__width-initial elementor-widget elementor-widget-text-editor\" data-id=\"51f68d4\" data-element_type=\"widget\" data-e-type=\"widget\" data-widget_type=\"text-editor.default\">\n\t\t\t\t\t\t\t\t\t<p data-start=\"427\" data-end=\"517\">Ekholmsn\u00e4sbacken ligger p\u00e5 Liding\u00f6 utanf\u00f6r Stockholm. Hit tar du dig smidigast med bil.<\/p>\t\t\t\t\t\t\t\t<\/div>\n\t\t\t\t<div class=\"elementor-element elementor-element-ec03918 elementor-widget elementor-widget-heading\" data-id=\"ec03918\" data-element_type=\"widget\" data-e-type=\"widget\" data-widget_type=\"heading.default\">\n\t\t\t\t\t<h3 class=\"elementor-heading-title elementor-size-default\">Parkering<\/h3>\t\t\t\t<\/div>\n\t\t\t\t<div class=\"elementor-element elementor-element-fd95ac8 elementor-widget-tablet__width-initial elementor-widget__width-initial elementor-widget elementor-widget-text-editor\" data-id=\"fd95ac8\" data-element_type=\"widget\" data-e-type=\"widget\" data-widget_type=\"text-editor.default\">\n\t\t\t\t\t\t\t\t\t<p data-start=\"427\" data-end=\"517\">Vi erbjuder fri parkering i anslutning till anl\u00e4ggningen.<\/p>\t\t\t\t\t\t\t\t<\/div>\n\t\t\t\t<div class=\"elementor-element elementor-element-1442f7c elementor-widget elementor-widget-heading\" data-id=\"1442f7c\" data-element_type=\"widget\" data-e-type=\"widget\" data-widget_type=\"heading.default\">\n\t\t\t\t\t<h3 class=\"elementor-heading-title elementor-size-default\">Kommunalt <\/h3>\t\t\t\t<\/div>\n\t\t\t\t<div class=\"elementor-element elementor-element-83d42d1 elementor-widget-tablet__width-initial elementor-widget__width-initial elementor-widget elementor-widget-text-editor\" data-id=\"83d42d1\" data-element_type=\"widget\" data-e-type=\"widget\" data-widget_type=\"text-editor.default\">\n\t\t\t\t\t\t\t\t\t<p data-start=\"519\" data-end=\"643\">\u00c5ker du kommunalt kan du ta buss 201 fr\u00e5n Ropsten till h\u00e5llplatsen Hantverkshuset. D\u00e4rifr\u00e5n \u00e4r det cirka 30 minuters promenad.<\/p>\t\t\t\t\t\t\t\t<\/div>\n\t\t\t\t<\/div>\n\t\t<div class=\"elementor-element elementor-element-fdf2077 e-con-full e-flex e-con e-child\" data-id=\"fdf2077\" data-element_type=\"container\" data-e-type=\"container\">\n\t\t\t\t<div class=\"elementor-element elementor-element-7945c29 elementor-widget elementor-widget-google_maps\" data-id=\"7945c29\" data-element_type=\"widget\" data-e-type=\"widget\" data-widget_type=\"google_maps.default\">\n\t\t\t\t\t\t\t<div class=\"elementor-custom-embed\">\n\t\t\t<iframe\n\t\t\t\t\tdata-src=\"https:\/\/maps.google.com\/maps?q=Ekholmsn%C3%A4sbacken%2C%20Liding%C3%B6&#038;t=m&#038;z=12&#038;output=embed&#038;iwloc=near\"\n\t\t\t\t\ttitle=\"Ekholmsn\u00e4sbacken, Liding\u00f6\"\n\t\t\t\t\taria-label=\"Ekholmsn\u00e4sbacken, Liding\u00f6\"\n\t\t\t src=\"data:image\/svg+xml;base64,PHN2ZyB3aWR0aD0iMSIgaGVpZ2h0PSIxIiB4bWxucz0iaHR0cDovL3d3dy53My5vcmcvMjAwMC9zdmciPjwvc3ZnPg==\" class=\"lazyload\" data-load-mode=\"1\"><\/iframe>\n\t\t<\/div>\n\t\t\t\t\t\t<\/div>\n\t\t\t\t<\/div>\n\t\t\t\t\t<\/div>\n\t\t\t\t<\/div>\n\t\t<div class=\"elementor-element elementor-element-7911fd2 e-flex e-con-boxed e-con e-parent\" data-id=\"7911fd2\" data-element_type=\"container\" data-e-type=\"container\">\n\t\t\t\t\t<div class=\"e-con-inner\">\n\t\t\t\t<div class=\"elementor-element elementor-element-e2f94ba elementor-widget elementor-widget-spacer\" data-id=\"e2f94ba\" data-element_type=\"widget\" data-e-type=\"widget\" data-widget_type=\"spacer.default\">\n\t\t\t\t\t\t\t<div class=\"elementor-spacer\">\n\t\t\t<div class=\"elementor-spacer-inner\"><\/div>\n\t\t<\/div>\n\t\t\t\t\t\t<\/div>\n\t\t\t\t\t<\/div>\n\t\t\t\t<\/div>\n\t\t<div class=\"elementor-element elementor-element-d479f8c e-flex e-con-boxed e-con e-parent\" data-id=\"d479f8c\" data-element_type=\"container\" data-e-type=\"container\">\n\t\t\t\t\t<div class=\"e-con-inner\">\n\t\t\t\t<div class=\"elementor-element elementor-element-080b794 elementor-widget__width-initial elementor-widget elementor-widget-heading\" data-id=\"080b794\" data-element_type=\"widget\" data-e-type=\"widget\" data-widget_type=\"heading.default\">\n\t\t\t\t\t<h2 class=\"elementor-heading-title elementor-size-default\">Upplev Ekholmsn\u00e4sbacken<\/h2>\t\t\t\t<\/div>\n\t\t\t\t<div class=\"elementor-element elementor-element-ceb244c gallery-spacing-custom elementor-widget elementor-widget-image-gallery\" data-id=\"ceb244c\" data-element_type=\"widget\" data-e-type=\"widget\" data-widget_type=\"image-gallery.default\">\n\t\t\t\t\t\t\t<div class=\"elementor-image-gallery\">\n\t\t\t<div id='gallery-1' class='gallery galleryid-46 gallery-columns-4 gallery-size-medium_large'><figure class='gallery-item'>\n\t\t\t<div class='gallery-icon landscape'>\n\t\t\t\t<img fetchpriority=\"high\" decoding=\"async\" width=\"768\" height=\"768\" src=\"https:\/\/webbkurs.ei.hv.se\/~jony0028\/ekholmsnas\/wp-content\/uploads\/2026\/03\/6-768x768.png\" class=\"attachment-medium_large size-medium_large\" alt=\"Sn\u00f6t\u00e4ckt skidbacke med skyddsn\u00e4t\" srcset=\"https:\/\/webbkurs.ei.hv.se\/~jony0028\/ekholmsnas\/wp-content\/uploads\/2026\/03\/6-768x768.png 768w, https:\/\/webbkurs.ei.hv.se\/~jony0028\/ekholmsnas\/wp-content\/uploads\/2026\/03\/6-300x300.webp 300w, https:\/\/webbkurs.ei.hv.se\/~jony0028\/ekholmsnas\/wp-content\/uploads\/2026\/03\/6-1024x1024.webp 1024w, https:\/\/webbkurs.ei.hv.se\/~jony0028\/ekholmsnas\/wp-content\/uploads\/2026\/03\/6-150x150.png 150w, https:\/\/webbkurs.ei.hv.se\/~jony0028\/ekholmsnas\/wp-content\/uploads\/2026\/03\/6-1536x1536.png 1536w, https:\/\/webbkurs.ei.hv.se\/~jony0028\/ekholmsnas\/wp-content\/uploads\/2026\/03\/6.webp 1920w\" sizes=\"(max-width: 768px) 100vw, 768px\" \/>\n\t\t\t<\/div><\/figure><figure class='gallery-item'>\n\t\t\t<div class='gallery-icon landscape'>\n\t\t\t\t<img decoding=\"async\" width=\"768\" height=\"768\" data-src=\"https:\/\/webbkurs.ei.hv.se\/~jony0028\/ekholmsnas\/wp-content\/uploads\/2026\/03\/5-1-768x768.png\" class=\"attachment-medium_large size-medium_large lazyload\" alt=\"Ankarlift\" data-srcset=\"https:\/\/webbkurs.ei.hv.se\/~jony0028\/ekholmsnas\/wp-content\/uploads\/2026\/03\/5-1-768x768.png 768w, https:\/\/webbkurs.ei.hv.se\/~jony0028\/ekholmsnas\/wp-content\/uploads\/2026\/03\/5-1-300x300.webp 300w, https:\/\/webbkurs.ei.hv.se\/~jony0028\/ekholmsnas\/wp-content\/uploads\/2026\/03\/5-1-1024x1024.png 1024w, https:\/\/webbkurs.ei.hv.se\/~jony0028\/ekholmsnas\/wp-content\/uploads\/2026\/03\/5-1-150x150.png 150w, https:\/\/webbkurs.ei.hv.se\/~jony0028\/ekholmsnas\/wp-content\/uploads\/2026\/03\/5-1-1536x1536.png 1536w, https:\/\/webbkurs.ei.hv.se\/~jony0028\/ekholmsnas\/wp-content\/uploads\/2026\/03\/5-1.webp 1920w\" data-sizes=\"(max-width: 768px) 100vw, 768px\" src=\"data:image\/svg+xml;base64,PHN2ZyB3aWR0aD0iMSIgaGVpZ2h0PSIxIiB4bWxucz0iaHR0cDovL3d3dy53My5vcmcvMjAwMC9zdmciPjwvc3ZnPg==\" style=\"--smush-placeholder-width: 768px; --smush-placeholder-aspect-ratio: 768\/768;\" \/>\n\t\t\t<\/div><\/figure><figure class='gallery-item'>\n\t\t\t<div class='gallery-icon landscape'>\n\t\t\t\t<img decoding=\"async\" width=\"768\" height=\"768\" data-src=\"https:\/\/webbkurs.ei.hv.se\/~jony0028\/ekholmsnas\/wp-content\/uploads\/2026\/03\/4-1-768x768.png\" class=\"attachment-medium_large size-medium_large lazyload\" alt=\"Rullband i barnbacke\" data-srcset=\"https:\/\/webbkurs.ei.hv.se\/~jony0028\/ekholmsnas\/wp-content\/uploads\/2026\/03\/4-1-768x768.png 768w, https:\/\/webbkurs.ei.hv.se\/~jony0028\/ekholmsnas\/wp-content\/uploads\/2026\/03\/4-1-300x300.png 300w, https:\/\/webbkurs.ei.hv.se\/~jony0028\/ekholmsnas\/wp-content\/uploads\/2026\/03\/4-1-1024x1024.png 1024w, https:\/\/webbkurs.ei.hv.se\/~jony0028\/ekholmsnas\/wp-content\/uploads\/2026\/03\/4-1-150x150.png 150w, https:\/\/webbkurs.ei.hv.se\/~jony0028\/ekholmsnas\/wp-content\/uploads\/2026\/03\/4-1-1536x1536.png 1536w, https:\/\/webbkurs.ei.hv.se\/~jony0028\/ekholmsnas\/wp-content\/uploads\/2026\/03\/4-1.webp 1920w\" data-sizes=\"(max-width: 768px) 100vw, 768px\" src=\"data:image\/svg+xml;base64,PHN2ZyB3aWR0aD0iMSIgaGVpZ2h0PSIxIiB4bWxucz0iaHR0cDovL3d3dy53My5vcmcvMjAwMC9zdmciPjwvc3ZnPg==\" style=\"--smush-placeholder-width: 768px; --smush-placeholder-aspect-ratio: 768\/768;\" \/>\n\t\t\t<\/div><\/figure><figure class='gallery-item'>\n\t\t\t<div class='gallery-icon landscape'>\n\t\t\t\t<img decoding=\"async\" width=\"768\" height=\"768\" data-src=\"https:\/\/webbkurs.ei.hv.se\/~jony0028\/ekholmsnas\/wp-content\/uploads\/2026\/03\/2-768x768.png\" class=\"attachment-medium_large size-medium_large lazyload\" alt=\"park i skidbacke\" data-srcset=\"https:\/\/webbkurs.ei.hv.se\/~jony0028\/ekholmsnas\/wp-content\/uploads\/2026\/03\/2-768x768.png 768w, https:\/\/webbkurs.ei.hv.se\/~jony0028\/ekholmsnas\/wp-content\/uploads\/2026\/03\/2-300x300.webp 300w, https:\/\/webbkurs.ei.hv.se\/~jony0028\/ekholmsnas\/wp-content\/uploads\/2026\/03\/2-1024x1024.webp 1024w, https:\/\/webbkurs.ei.hv.se\/~jony0028\/ekholmsnas\/wp-content\/uploads\/2026\/03\/2-150x150.png 150w, https:\/\/webbkurs.ei.hv.se\/~jony0028\/ekholmsnas\/wp-content\/uploads\/2026\/03\/2-1536x1536.png 1536w, https:\/\/webbkurs.ei.hv.se\/~jony0028\/ekholmsnas\/wp-content\/uploads\/2026\/03\/2.webp 1920w\" data-sizes=\"(max-width: 768px) 100vw, 768px\" src=\"data:image\/svg+xml;base64,PHN2ZyB3aWR0aD0iMSIgaGVpZ2h0PSIxIiB4bWxucz0iaHR0cDovL3d3dy53My5vcmcvMjAwMC9zdmciPjwvc3ZnPg==\" style=\"--smush-placeholder-width: 768px; --smush-placeholder-aspect-ratio: 768\/768;\" \/>\n\t\t\t<\/div><\/figure>\n\t\t<\/div>\n\t\t<\/div>\n\t\t\t\t\t\t<\/div>\n\t\t\t\t\t<\/div>\n\t\t\t\t<\/div>\n\t\t\t\t<\/div>\n\t\t","protected":false},"excerpt":{"rendered":"<p>Om Ekholmsn\u00e4sbacken Ekholmsn\u00e4sbacken \u00e4r en skidanl\u00e4ggning p\u00e5 Liding\u00f6 utanf\u00f6r Stockholm och \u00e4r hem f\u00f6r Liding\u00f6 slalomklubb samt Liding\u00f6 Freeskiers. Backen st\u00e5r stolt med sina 70 m\u00f6h och besitter tv\u00e5 nedfarter, en ankarlift, en knapplift och ett rullband. Backen har under senare \u00e5ren rustats upp med ett toppmodernt sn\u00f6system f\u00f6r att kunna t\u00e4cka backen med konstsn\u00f6 [&hellip;]<\/p>\n","protected":false},"author":1,"featured_media":0,"parent":0,"menu_order":0,"comment_status":"closed","ping_status":"closed","template":"","meta":{"footnotes":""},"class_list":["post-46","page","type-page","status-publish","hentry"],"yoast_head":"<!-- This site is optimized with the Yoast SEO plugin v27.2 - https:\/\/yoast.com\/product\/yoast-seo-wordpress\/ -->\n<title>Om oss - Ekholmsn\u00e4sbacken<\/title>\n<meta name=\"robots\" content=\"noindex, follow, max-snippet:-1, max-image-preview:large, max-video-preview:-1\" \/>\n<meta property=\"og:locale\" content=\"sv_SE\" \/>\n<meta property=\"og:type\" content=\"article\" \/>\n<meta property=\"og:title\" content=\"Om oss - Ekholmsn\u00e4sbacken\" \/>\n<meta property=\"og:description\" content=\"Om Ekholmsn\u00e4sbacken Ekholmsn\u00e4sbacken \u00e4r en skidanl\u00e4ggning p\u00e5 Liding\u00f6 utanf\u00f6r Stockholm och \u00e4r hem f\u00f6r Liding\u00f6 slalomklubb samt Liding\u00f6 Freeskiers. Backen st\u00e5r stolt med sina 70 m\u00f6h och besitter tv\u00e5 nedfarter, en ankarlift, en knapplift och ett rullband. Backen har under senare \u00e5ren rustats upp med ett toppmodernt sn\u00f6system f\u00f6r att kunna t\u00e4cka backen med konstsn\u00f6 [&hellip;]\" \/>\n<meta property=\"og:url\" content=\"https:\/\/webbkurs.ei.hv.se\/~jony0028\/ekholmsnas\/om-oss\/\" \/>\n<meta property=\"og:site_name\" content=\"Ekholmsn\u00e4sbacken\" \/>\n<meta property=\"article:publisher\" content=\"https:\/\/www.facebook.com\/ekholmsnas\" \/>\n<meta property=\"article:modified_time\" content=\"2026-04-13T15:54:25+00:00\" \/>\n<meta property=\"og:image\" content=\"https:\/\/webbkurs.ei.hv.se\/~jony0028\/ekholmsnas\/wp-content\/uploads\/2026\/03\/6-768x768.png\" \/>\n<meta name=\"twitter:card\" content=\"summary_large_image\" \/>\n<meta name=\"twitter:label1\" content=\"Ber\u00e4knad l\u00e4stid\" \/>\n\t<meta name=\"twitter:data1\" content=\"2 minuter\" \/>\n<script type=\"application\/ld+json\" class=\"yoast-schema-graph\">{\"@context\":\"https:\/\/schema.org\",\"@graph\":[{\"@type\":\"WebPage\",\"@id\":\"https:\/\/webbkurs.ei.hv.se\/~jony0028\/ekholmsnas\/om-oss\/\",\"url\":\"https:\/\/webbkurs.ei.hv.se\/~jony0028\/ekholmsnas\/om-oss\/\",\"name\":\"Om oss - Ekholmsn\u00e4sbacken\",\"isPartOf\":{\"@id\":\"https:\/\/webbkurs.ei.hv.se\/~jony0028\/ekholmsnas\/#website\"},\"primaryImageOfPage\":{\"@id\":\"https:\/\/webbkurs.ei.hv.se\/~jony0028\/ekholmsnas\/om-oss\/#primaryimage\"},\"image\":{\"@id\":\"https:\/\/webbkurs.ei.hv.se\/~jony0028\/ekholmsnas\/om-oss\/#primaryimage\"},\"thumbnailUrl\":\"https:\/\/webbkurs.ei.hv.se\/~jony0028\/ekholmsnas\/wp-content\/uploads\/2026\/03\/6-768x768.png\",\"datePublished\":\"2026-02-26T13:05:30+00:00\",\"dateModified\":\"2026-04-13T15:54:25+00:00\",\"breadcrumb\":{\"@id\":\"https:\/\/webbkurs.ei.hv.se\/~jony0028\/ekholmsnas\/om-oss\/#breadcrumb\"},\"inLanguage\":\"sv-SE\",\"potentialAction\":[{\"@type\":\"ReadAction\",\"target\":[\"https:\/\/webbkurs.ei.hv.se\/~jony0028\/ekholmsnas\/om-oss\/\"]}]},{\"@type\":\"ImageObject\",\"inLanguage\":\"sv-SE\",\"@id\":\"https:\/\/webbkurs.ei.hv.se\/~jony0028\/ekholmsnas\/om-oss\/#primaryimage\",\"url\":\"https:\/\/webbkurs.ei.hv.se\/~jony0028\/ekholmsnas\/wp-content\/uploads\/2026\/03\/6-768x768.png\",\"contentUrl\":\"https:\/\/webbkurs.ei.hv.se\/~jony0028\/ekholmsnas\/wp-content\/uploads\/2026\/03\/6-768x768.png\"},{\"@type\":\"BreadcrumbList\",\"@id\":\"https:\/\/webbkurs.ei.hv.se\/~jony0028\/ekholmsnas\/om-oss\/#breadcrumb\",\"itemListElement\":[{\"@type\":\"ListItem\",\"position\":1,\"name\":\"Hem\",\"item\":\"https:\/\/webbkurs.ei.hv.se\/~jony0028\/ekholmsnas\/\"},{\"@type\":\"ListItem\",\"position\":2,\"name\":\"Om oss\"}]},{\"@type\":\"WebSite\",\"@id\":\"https:\/\/webbkurs.ei.hv.se\/~jony0028\/ekholmsnas\/#website\",\"url\":\"https:\/\/webbkurs.ei.hv.se\/~jony0028\/ekholmsnas\/\",\"name\":\"Ekholmsn\u00e4sbacken\",\"description\":\"Skid\u00e5kning p\u00e5 Liding\u00f6\",\"publisher\":{\"@id\":\"https:\/\/webbkurs.ei.hv.se\/~jony0028\/ekholmsnas\/#organization\"},\"potentialAction\":[{\"@type\":\"SearchAction\",\"target\":{\"@type\":\"EntryPoint\",\"urlTemplate\":\"https:\/\/webbkurs.ei.hv.se\/~jony0028\/ekholmsnas\/?s={search_term_string}\"},\"query-input\":{\"@type\":\"PropertyValueSpecification\",\"valueRequired\":true,\"valueName\":\"search_term_string\"}}],\"inLanguage\":\"sv-SE\"},{\"@type\":\"Organization\",\"@id\":\"https:\/\/webbkurs.ei.hv.se\/~jony0028\/ekholmsnas\/#organization\",\"name\":\"Ekholmsn\u00e4sbacken\",\"url\":\"https:\/\/webbkurs.ei.hv.se\/~jony0028\/ekholmsnas\/\",\"logo\":{\"@type\":\"ImageObject\",\"inLanguage\":\"sv-SE\",\"@id\":\"https:\/\/webbkurs.ei.hv.se\/~jony0028\/ekholmsnas\/#\/schema\/logo\/image\/\",\"url\":\"https:\/\/webbkurs.ei.hv.se\/~jony0028\/ekholmsnas\/wp-content\/uploads\/2026\/02\/logo_green.webp\",\"contentUrl\":\"https:\/\/webbkurs.ei.hv.se\/~jony0028\/ekholmsnas\/wp-content\/uploads\/2026\/02\/logo_green.webp\",\"width\":1701,\"height\":850,\"caption\":\"Ekholmsn\u00e4sbacken\"},\"image\":{\"@id\":\"https:\/\/webbkurs.ei.hv.se\/~jony0028\/ekholmsnas\/#\/schema\/logo\/image\/\"},\"sameAs\":[\"https:\/\/www.facebook.com\/ekholmsnas\",\"https:\/\/www.instagram.com\/ekholmsnasbacken_lidingo\"]}]}<\/script>\n<!-- \/ Yoast SEO plugin. -->","yoast_head_json":{"title":"Om oss - Ekholmsn\u00e4sbacken","robots":{"index":"noindex","follow":"follow","max-snippet":"max-snippet:-1","max-image-preview":"max-image-preview:large","max-video-preview":"max-video-preview:-1"},"og_locale":"sv_SE","og_type":"article","og_title":"Om oss - Ekholmsn\u00e4sbacken","og_description":"Om Ekholmsn\u00e4sbacken Ekholmsn\u00e4sbacken \u00e4r en skidanl\u00e4ggning p\u00e5 Liding\u00f6 utanf\u00f6r Stockholm och \u00e4r hem f\u00f6r Liding\u00f6 slalomklubb samt Liding\u00f6 Freeskiers. Backen st\u00e5r stolt med sina 70 m\u00f6h och besitter tv\u00e5 nedfarter, en ankarlift, en knapplift och ett rullband. Backen har under senare \u00e5ren rustats upp med ett toppmodernt sn\u00f6system f\u00f6r att kunna t\u00e4cka backen med konstsn\u00f6 [&hellip;]","og_url":"https:\/\/webbkurs.ei.hv.se\/~jony0028\/ekholmsnas\/om-oss\/","og_site_name":"Ekholmsn\u00e4sbacken","article_publisher":"https:\/\/www.facebook.com\/ekholmsnas","article_modified_time":"2026-04-13T15:54:25+00:00","og_image":[{"url":"https:\/\/webbkurs.ei.hv.se\/~jony0028\/ekholmsnas\/wp-content\/uploads\/2026\/03\/6-768x768.png","type":"","width":"","height":""}],"twitter_card":"summary_large_image","twitter_misc":{"Ber\u00e4knad l\u00e4stid":"2 minuter"},"schema":{"@context":"https:\/\/schema.org","@graph":[{"@type":"WebPage","@id":"https:\/\/webbkurs.ei.hv.se\/~jony0028\/ekholmsnas\/om-oss\/","url":"https:\/\/webbkurs.ei.hv.se\/~jony0028\/ekholmsnas\/om-oss\/","name":"Om oss - Ekholmsn\u00e4sbacken","isPartOf":{"@id":"https:\/\/webbkurs.ei.hv.se\/~jony0028\/ekholmsnas\/#website"},"primaryImageOfPage":{"@id":"https:\/\/webbkurs.ei.hv.se\/~jony0028\/ekholmsnas\/om-oss\/#primaryimage"},"image":{"@id":"https:\/\/webbkurs.ei.hv.se\/~jony0028\/ekholmsnas\/om-oss\/#primaryimage"},"thumbnailUrl":"https:\/\/webbkurs.ei.hv.se\/~jony0028\/ekholmsnas\/wp-content\/uploads\/2026\/03\/6-768x768.png","datePublished":"2026-02-26T13:05:30+00:00","dateModified":"2026-04-13T15:54:25+00:00","breadcrumb":{"@id":"https:\/\/webbkurs.ei.hv.se\/~jony0028\/ekholmsnas\/om-oss\/#breadcrumb"},"inLanguage":"sv-SE","potentialAction":[{"@type":"ReadAction","target":["https:\/\/webbkurs.ei.hv.se\/~jony0028\/ekholmsnas\/om-oss\/"]}]},{"@type":"ImageObject","inLanguage":"sv-SE","@id":"https:\/\/webbkurs.ei.hv.se\/~jony0028\/ekholmsnas\/om-oss\/#primaryimage","url":"https:\/\/webbkurs.ei.hv.se\/~jony0028\/ekholmsnas\/wp-content\/uploads\/2026\/03\/6-768x768.png","contentUrl":"https:\/\/webbkurs.ei.hv.se\/~jony0028\/ekholmsnas\/wp-content\/uploads\/2026\/03\/6-768x768.png"},{"@type":"BreadcrumbList","@id":"https:\/\/webbkurs.ei.hv.se\/~jony0028\/ekholmsnas\/om-oss\/#breadcrumb","itemListElement":[{"@type":"ListItem","position":1,"name":"Hem","item":"https:\/\/webbkurs.ei.hv.se\/~jony0028\/ekholmsnas\/"},{"@type":"ListItem","position":2,"name":"Om oss"}]},{"@type":"WebSite","@id":"https:\/\/webbkurs.ei.hv.se\/~jony0028\/ekholmsnas\/#website","url":"https:\/\/webbkurs.ei.hv.se\/~jony0028\/ekholmsnas\/","name":"Ekholmsn\u00e4sbacken","description":"Skid\u00e5kning p\u00e5 Liding\u00f6","publisher":{"@id":"https:\/\/webbkurs.ei.hv.se\/~jony0028\/ekholmsnas\/#organization"},"potentialAction":[{"@type":"SearchAction","target":{"@type":"EntryPoint","urlTemplate":"https:\/\/webbkurs.ei.hv.se\/~jony0028\/ekholmsnas\/?s={search_term_string}"},"query-input":{"@type":"PropertyValueSpecification","valueRequired":true,"valueName":"search_term_string"}}],"inLanguage":"sv-SE"},{"@type":"Organization","@id":"https:\/\/webbkurs.ei.hv.se\/~jony0028\/ekholmsnas\/#organization","name":"Ekholmsn\u00e4sbacken","url":"https:\/\/webbkurs.ei.hv.se\/~jony0028\/ekholmsnas\/","logo":{"@type":"ImageObject","inLanguage":"sv-SE","@id":"https:\/\/webbkurs.ei.hv.se\/~jony0028\/ekholmsnas\/#\/schema\/logo\/image\/","url":"https:\/\/webbkurs.ei.hv.se\/~jony0028\/ekholmsnas\/wp-content\/uploads\/2026\/02\/logo_green.webp","contentUrl":"https:\/\/webbkurs.ei.hv.se\/~jony0028\/ekholmsnas\/wp-content\/uploads\/2026\/02\/logo_green.webp","width":1701,"height":850,"caption":"Ekholmsn\u00e4sbacken"},"image":{"@id":"https:\/\/webbkurs.ei.hv.se\/~jony0028\/ekholmsnas\/#\/schema\/logo\/image\/"},"sameAs":["https:\/\/www.facebook.com\/ekholmsnas","https:\/\/www.instagram.com\/ekholmsnasbacken_lidingo"]}]}},"_links":{"self":[{"href":"https:\/\/webbkurs.ei.hv.se\/~jony0028\/ekholmsnas\/wp-json\/wp\/v2\/pages\/46","targetHints":{"allow":["GET"]}}],"collection":[{"href":"https:\/\/webbkurs.ei.hv.se\/~jony0028\/ekholmsnas\/wp-json\/wp\/v2\/pages"}],"about":[{"href":"https:\/\/webbkurs.ei.hv.se\/~jony0028\/ekholmsnas\/wp-json\/wp\/v2\/types\/page"}],"author":[{"embeddable":true,"href":"https:\/\/webbkurs.ei.hv.se\/~jony0028\/ekholmsnas\/wp-json\/wp\/v2\/users\/1"}],"replies":[{"embeddable":true,"href":"https:\/\/webbkurs.ei.hv.se\/~jony0028\/ekholmsnas\/wp-json\/wp\/v2\/comments?post=46"}],"version-history":[{"count":33,"href":"https:\/\/webbkurs.ei.hv.se\/~jony0028\/ekholmsnas\/wp-json\/wp\/v2\/pages\/46\/revisions"}],"predecessor-version":[{"id":2214,"href":"https:\/\/webbkurs.ei.hv.se\/~jony0028\/ekholmsnas\/wp-json\/wp\/v2\/pages\/46\/revisions\/2214"}],"wp:attachment":[{"href":"https:\/\/webbkurs.ei.hv.se\/~jony0028\/ekholmsnas\/wp-json\/wp\/v2\/media?parent=46"}],"curies":[{"name":"wp","href":"https:\/\/api.w.org\/{rel}","templated":true}]}}