{"id":43,"date":"2026-02-26T14:05:17","date_gmt":"2026-02-26T13:05:17","guid":{"rendered":"https:\/\/webbkurs.ei.hv.se\/~jony0028\/ekholmsnas\/?page_id=43"},"modified":"2026-04-10T12:16:10","modified_gmt":"2026-04-10T10:16:10","slug":"cafe","status":"publish","type":"page","link":"https:\/\/webbkurs.ei.hv.se\/~jony0028\/ekholmsnas\/cafe\/","title":{"rendered":"Caf\u00e9"},"content":{"rendered":"\t\t<div data-elementor-type=\"wp-page\" data-elementor-id=\"43\" class=\"elementor elementor-43\">\n\t\t\t\t<div class=\"elementor-element elementor-element-7b5c89d e-flex e-con-boxed e-con e-parent\" data-id=\"7b5c89d\" data-element_type=\"container\" data-e-type=\"container\" data-settings=\"{&quot;background_background&quot;:&quot;gradient&quot;}\">\n\t\t\t\t\t<div class=\"e-con-inner\">\n\t\t<div class=\"elementor-element elementor-element-9c50ed7 e-con-full e-flex e-con e-child\" data-id=\"9c50ed7\" data-element_type=\"container\" data-e-type=\"container\">\n\t\t\t\t<div class=\"elementor-element elementor-element-4db8210 elementor-widget elementor-widget-heading\" data-id=\"4db8210\" data-element_type=\"widget\" data-e-type=\"widget\" data-widget_type=\"heading.default\">\n\t\t\t\t\t<h1 class=\"elementor-heading-title elementor-size-default\">Caf\u00e9 Ekholmsn\u00e4sbacken<\/h1>\t\t\t\t<\/div>\n\t\t\t\t<\/div>\n\t\t\t\t\t<\/div>\n\t\t\t\t<\/div>\n\t\t<div class=\"elementor-element elementor-element-00bceaf e-con-full e-flex e-con e-child\" data-id=\"00bceaf\" data-element_type=\"container\" data-e-type=\"container\" data-settings=\"{&quot;background_background&quot;:&quot;classic&quot;}\">\n\t\t\t\t<div class=\"elementor-element elementor-element-f46ca93 elementor-mobile-align-center elementor-widget-mobile__width-initial elementor-icon-list--layout-traditional elementor-list-item-link-full_width elementor-widget elementor-widget-icon-list\" data-id=\"f46ca93\" data-element_type=\"widget\" data-e-type=\"widget\" data-widget_type=\"icon-list.default\">\n\t\t\t\t\t\t\t<ul class=\"elementor-icon-list-items\">\n\t\t\t\t\t\t\t<li class=\"elementor-icon-list-item\">\n\t\t\t\t\t\t\t\t\t\t\t<span class=\"elementor-icon-list-icon\">\n\t\t\t\t\t\t\t<svg aria-hidden=\"true\" class=\"e-font-icon-svg e-far-clock\" viewBox=\"0 0 512 512\" xmlns=\"http:\/\/www.w3.org\/2000\/svg\"><path d=\"M256 8C119 8 8 119 8 256s111 248 248 248 248-111 248-248S393 8 256 8zm0 448c-110.5 0-200-89.5-200-200S145.5 56 256 56s200 89.5 200 200-89.5 200-200 200zm61.8-104.4l-84.9-61.7c-3.1-2.3-4.9-5.9-4.9-9.7V116c0-6.6 5.4-12 12-12h32c6.6 0 12 5.4 12 12v141.7l66.8 48.6c5.4 3.9 6.5 11.4 2.6 16.8L334.6 349c-3.9 5.3-11.4 6.5-16.8 2.6z\"><\/path><\/svg>\t\t\t\t\t\t<\/span>\n\t\t\t\t\t\t\t\t\t\t<span class=\"elementor-icon-list-text\">Caf\u00e9et har samma \u00f6ppettider som anl\u00e4ggningen<\/span>\n\t\t\t\t\t\t\t\t\t<\/li>\n\t\t\t\t\t\t<\/ul>\n\t\t\t\t\t\t<\/div>\n\t\t\t\t<\/div>\n\t\t<div class=\"elementor-element elementor-element-8e56b0f e-flex e-con-boxed e-con e-parent\" data-id=\"8e56b0f\" data-element_type=\"container\" data-e-type=\"container\">\n\t\t\t\t\t<div class=\"e-con-inner\">\n\t\t\t\t<div class=\"elementor-element elementor-element-0c428e4 elementor-widget elementor-widget-spacer\" data-id=\"0c428e4\" data-element_type=\"widget\" data-e-type=\"widget\" data-widget_type=\"spacer.default\">\n\t\t\t\t\t\t\t<div class=\"elementor-spacer\">\n\t\t\t<div class=\"elementor-spacer-inner\"><\/div>\n\t\t<\/div>\n\t\t\t\t\t\t<\/div>\n\t\t\t\t\t<\/div>\n\t\t\t\t<\/div>\n\t\t<div class=\"elementor-element elementor-element-41e26b5 e-flex e-con-boxed e-con e-parent\" data-id=\"41e26b5\" data-element_type=\"container\" data-e-type=\"container\">\n\t\t\t\t\t<div class=\"e-con-inner\">\n\t\t<div class=\"elementor-element elementor-element-1953bec e-con-full e-flex elementor-invisible e-con e-child\" data-id=\"1953bec\" data-element_type=\"container\" data-e-type=\"container\" data-settings=\"{&quot;background_background&quot;:&quot;classic&quot;,&quot;animation&quot;:&quot;slideInLeft&quot;}\">\n\t\t\t\t<div class=\"elementor-element elementor-element-0da34d2 elementor-widget__width-initial elementor-widget elementor-widget-image\" data-id=\"0da34d2\" data-element_type=\"widget\" data-e-type=\"widget\" data-widget_type=\"image.default\">\n\t\t\t\t\t\t\t\t\t\t\t\t\t\t\t<img fetchpriority=\"high\" decoding=\"async\" width=\"800\" height=\"800\" src=\"https:\/\/webbkurs.ei.hv.se\/~jony0028\/ekholmsnas\/wp-content\/uploads\/2026\/03\/Namnlos-design-21-1024x1024.webp\" class=\"attachment-large size-large wp-image-1525\" alt=\"Varm choklad med gr\u00e4dde och muffin i caf\u00e9et\" srcset=\"https:\/\/webbkurs.ei.hv.se\/~jony0028\/ekholmsnas\/wp-content\/uploads\/2026\/03\/Namnlos-design-21-1024x1024.webp 1024w, https:\/\/webbkurs.ei.hv.se\/~jony0028\/ekholmsnas\/wp-content\/uploads\/2026\/03\/Namnlos-design-21-300x300.webp 300w, https:\/\/webbkurs.ei.hv.se\/~jony0028\/ekholmsnas\/wp-content\/uploads\/2026\/03\/Namnlos-design-21-150x150.webp 150w, https:\/\/webbkurs.ei.hv.se\/~jony0028\/ekholmsnas\/wp-content\/uploads\/2026\/03\/Namnlos-design-21-768x768.webp 768w, https:\/\/webbkurs.ei.hv.se\/~jony0028\/ekholmsnas\/wp-content\/uploads\/2026\/03\/Namnlos-design-21-1536x1536.png 1536w, https:\/\/webbkurs.ei.hv.se\/~jony0028\/ekholmsnas\/wp-content\/uploads\/2026\/03\/Namnlos-design-21.webp 1920w\" sizes=\"(max-width: 800px) 100vw, 800px\" \/>\t\t\t\t\t\t\t\t\t\t\t\t\t\t\t<\/div>\n\t\t\t\t<div class=\"elementor-element elementor-element-acb8adb elementor-widget__width-initial elementor-widget elementor-widget-heading\" data-id=\"acb8adb\" data-element_type=\"widget\" data-e-type=\"widget\" data-widget_type=\"heading.default\">\n\t\t\t\t\t<h2 class=\"elementor-heading-title elementor-size-default\">Caf\u00e9 i backen<\/h2>\t\t\t\t<\/div>\n\t\t\t\t<div class=\"elementor-element elementor-element-926ce49 elementor-widget__width-initial elementor-widget elementor-widget-text-editor\" data-id=\"926ce49\" data-element_type=\"widget\" data-e-type=\"widget\" data-widget_type=\"text-editor.default\">\n\t\t\t\t\t\t\t\t\t<p>V\u00e4rm dig och ta en paus hos oss!<\/p><p>Du hittar caf\u00e9et i samma byggnad som skiduthyrningen, precis intill ankarliften. Vi erbjuder fika, dryck och god mat f\u00f6r b\u00e5de stora och sm\u00e5.<\/p>\t\t\t\t\t\t\t\t<\/div>\n\t\t\t\t<\/div>\n\t\t<div class=\"elementor-element elementor-element-0e3db1f e-con-full e-flex elementor-invisible e-con e-child\" data-id=\"0e3db1f\" data-element_type=\"container\" data-e-type=\"container\" data-settings=\"{&quot;background_background&quot;:&quot;classic&quot;,&quot;animation&quot;:&quot;slideInRight&quot;}\">\n\t\t\t\t<div class=\"elementor-element elementor-element-52c5478 elementor-widget__width-initial elementor-widget elementor-widget-image\" data-id=\"52c5478\" data-element_type=\"widget\" data-e-type=\"widget\" data-widget_type=\"image.default\">\n\t\t\t\t\t\t\t\t\t\t\t\t\t\t\t<img decoding=\"async\" width=\"800\" height=\"800\" data-src=\"https:\/\/webbkurs.ei.hv.se\/~jony0028\/ekholmsnas\/wp-content\/uploads\/2026\/03\/Namnlos-design-20-1024x1024.webp\" class=\"attachment-large size-large wp-image-1524 lazyload\" alt=\"Grillmacka med sallad i caf\u00e9et\" data-srcset=\"https:\/\/webbkurs.ei.hv.se\/~jony0028\/ekholmsnas\/wp-content\/uploads\/2026\/03\/Namnlos-design-20-1024x1024.webp 1024w, https:\/\/webbkurs.ei.hv.se\/~jony0028\/ekholmsnas\/wp-content\/uploads\/2026\/03\/Namnlos-design-20-300x300.webp 300w, https:\/\/webbkurs.ei.hv.se\/~jony0028\/ekholmsnas\/wp-content\/uploads\/2026\/03\/Namnlos-design-20-150x150.webp 150w, https:\/\/webbkurs.ei.hv.se\/~jony0028\/ekholmsnas\/wp-content\/uploads\/2026\/03\/Namnlos-design-20-768x768.webp 768w, https:\/\/webbkurs.ei.hv.se\/~jony0028\/ekholmsnas\/wp-content\/uploads\/2026\/03\/Namnlos-design-20-1536x1536.webp 1536w, https:\/\/webbkurs.ei.hv.se\/~jony0028\/ekholmsnas\/wp-content\/uploads\/2026\/03\/Namnlos-design-20.webp 1920w\" data-sizes=\"(max-width: 800px) 100vw, 800px\" src=\"data:image\/svg+xml;base64,PHN2ZyB3aWR0aD0iMSIgaGVpZ2h0PSIxIiB4bWxucz0iaHR0cDovL3d3dy53My5vcmcvMjAwMC9zdmciPjwvc3ZnPg==\" style=\"--smush-placeholder-width: 800px; --smush-placeholder-aspect-ratio: 800\/800;\" \/>\t\t\t\t\t\t\t\t\t\t\t\t\t\t\t<\/div>\n\t\t\t\t<div class=\"elementor-element elementor-element-f8b5066 elementor-widget__width-initial elementor-widget elementor-widget-heading\" data-id=\"f8b5066\" data-element_type=\"widget\" data-e-type=\"widget\" data-widget_type=\"heading.default\">\n\t\t\t\t\t<h2 class=\"elementor-heading-title elementor-size-default\">Meny<\/h2>\t\t\t\t<\/div>\n\t\t\t\t<div class=\"elementor-element elementor-element-91b1b99 elementor-widget__width-initial elementor-widget elementor-widget-text-editor\" data-id=\"91b1b99\" data-element_type=\"widget\" data-e-type=\"widget\" data-widget_type=\"text-editor.default\">\n\t\t\t\t\t\t\t\t\t<p>Vi serverar bland annat grillmackor med sallad, hamburgare och pannkakor samt fika och dryck.<\/p><p>Vi erbjuder \u00e4ven gluten- och mj\u00f6lkfria alternativ.\u00a0<\/p>\t\t\t\t\t\t\t\t<\/div>\n\t\t\t\t<div class=\"elementor-element elementor-element-a3835b4 elementor-widget__width-initial elementor-widget elementor-widget-text-editor\" data-id=\"a3835b4\" data-element_type=\"widget\" data-e-type=\"widget\" data-widget_type=\"text-editor.default\">\n\t\t\t\t\t\t\t\t\t<p><em>*Utbudet kan variera och vi reserverar oss f\u00f6r slutf\u00f6rs\u00e4ljning.<\/em><\/p>\t\t\t\t\t\t\t\t<\/div>\n\t\t\t\t<\/div>\n\t\t\t\t\t<\/div>\n\t\t\t\t<\/div>\n\t\t\t\t<\/div>\n\t\t","protected":false},"excerpt":{"rendered":"<p>Caf\u00e9 Ekholmsn\u00e4sbacken Caf\u00e9et har samma \u00f6ppettider som anl\u00e4ggningen Caf\u00e9 i backen V\u00e4rm dig och ta en paus hos oss! Du hittar caf\u00e9et i samma byggnad som skiduthyrningen, precis intill ankarliften. Vi erbjuder fika, dryck och god mat f\u00f6r b\u00e5de stora och sm\u00e5. Meny Vi serverar bland annat grillmackor med sallad, hamburgare och pannkakor samt fika [&hellip;]<\/p>\n","protected":false},"author":1,"featured_media":0,"parent":0,"menu_order":0,"comment_status":"closed","ping_status":"closed","template":"","meta":{"footnotes":""},"class_list":["post-43","page","type-page","status-publish","hentry"],"yoast_head":"<!-- This site is optimized with the Yoast SEO plugin v27.2 - https:\/\/yoast.com\/product\/yoast-seo-wordpress\/ -->\n<title>Caf\u00e9 - Ekholmsn\u00e4sbacken<\/title>\n<meta name=\"robots\" content=\"noindex, follow, max-snippet:-1, max-image-preview:large, max-video-preview:-1\" \/>\n<meta property=\"og:locale\" content=\"sv_SE\" \/>\n<meta property=\"og:type\" content=\"article\" \/>\n<meta property=\"og:title\" content=\"Caf\u00e9 - Ekholmsn\u00e4sbacken\" \/>\n<meta property=\"og:description\" content=\"Caf\u00e9 Ekholmsn\u00e4sbacken Caf\u00e9et har samma \u00f6ppettider som anl\u00e4ggningen Caf\u00e9 i backen V\u00e4rm dig och ta en paus hos oss! Du hittar caf\u00e9et i samma byggnad som skiduthyrningen, precis intill ankarliften. Vi erbjuder fika, dryck och god mat f\u00f6r b\u00e5de stora och sm\u00e5. Meny Vi serverar bland annat grillmackor med sallad, hamburgare och pannkakor samt fika [&hellip;]\" \/>\n<meta property=\"og:url\" content=\"https:\/\/webbkurs.ei.hv.se\/~jony0028\/ekholmsnas\/cafe\/\" \/>\n<meta property=\"og:site_name\" content=\"Ekholmsn\u00e4sbacken\" \/>\n<meta property=\"article:publisher\" content=\"https:\/\/www.facebook.com\/ekholmsnas\" \/>\n<meta property=\"article:modified_time\" content=\"2026-04-10T10:16:10+00:00\" \/>\n<meta property=\"og:image\" content=\"https:\/\/webbkurs.ei.hv.se\/~jony0028\/ekholmsnas\/wp-content\/uploads\/2026\/03\/Namnlos-design-21.webp\" \/>\n\t<meta property=\"og:image:width\" content=\"1920\" \/>\n\t<meta property=\"og:image:height\" content=\"1920\" \/>\n\t<meta property=\"og:image:type\" content=\"image\/webp\" \/>\n<meta name=\"twitter:card\" content=\"summary_large_image\" \/>\n<meta name=\"twitter:label1\" content=\"Ber\u00e4knad l\u00e4stid\" \/>\n\t<meta name=\"twitter:data1\" content=\"1 minut\" \/>\n<script type=\"application\/ld+json\" class=\"yoast-schema-graph\">{\"@context\":\"https:\/\/schema.org\",\"@graph\":[{\"@type\":\"WebPage\",\"@id\":\"https:\/\/webbkurs.ei.hv.se\/~jony0028\/ekholmsnas\/cafe\/\",\"url\":\"https:\/\/webbkurs.ei.hv.se\/~jony0028\/ekholmsnas\/cafe\/\",\"name\":\"Caf\u00e9 - Ekholmsn\u00e4sbacken\",\"isPartOf\":{\"@id\":\"https:\/\/webbkurs.ei.hv.se\/~jony0028\/ekholmsnas\/#website\"},\"primaryImageOfPage\":{\"@id\":\"https:\/\/webbkurs.ei.hv.se\/~jony0028\/ekholmsnas\/cafe\/#primaryimage\"},\"image\":{\"@id\":\"https:\/\/webbkurs.ei.hv.se\/~jony0028\/ekholmsnas\/cafe\/#primaryimage\"},\"thumbnailUrl\":\"https:\/\/webbkurs.ei.hv.se\/~jony0028\/ekholmsnas\/wp-content\/uploads\/2026\/03\/Namnlos-design-21-1024x1024.webp\",\"datePublished\":\"2026-02-26T13:05:17+00:00\",\"dateModified\":\"2026-04-10T10:16:10+00:00\",\"breadcrumb\":{\"@id\":\"https:\/\/webbkurs.ei.hv.se\/~jony0028\/ekholmsnas\/cafe\/#breadcrumb\"},\"inLanguage\":\"sv-SE\",\"potentialAction\":[{\"@type\":\"ReadAction\",\"target\":[\"https:\/\/webbkurs.ei.hv.se\/~jony0028\/ekholmsnas\/cafe\/\"]}]},{\"@type\":\"ImageObject\",\"inLanguage\":\"sv-SE\",\"@id\":\"https:\/\/webbkurs.ei.hv.se\/~jony0028\/ekholmsnas\/cafe\/#primaryimage\",\"url\":\"https:\/\/webbkurs.ei.hv.se\/~jony0028\/ekholmsnas\/wp-content\/uploads\/2026\/03\/Namnlos-design-21.webp\",\"contentUrl\":\"https:\/\/webbkurs.ei.hv.se\/~jony0028\/ekholmsnas\/wp-content\/uploads\/2026\/03\/Namnlos-design-21.webp\",\"width\":1920,\"height\":1920,\"caption\":\"Varm choklad med gr\u00e4dde och muffin i caf\u00e9et\"},{\"@type\":\"BreadcrumbList\",\"@id\":\"https:\/\/webbkurs.ei.hv.se\/~jony0028\/ekholmsnas\/cafe\/#breadcrumb\",\"itemListElement\":[{\"@type\":\"ListItem\",\"position\":1,\"name\":\"Hem\",\"item\":\"https:\/\/webbkurs.ei.hv.se\/~jony0028\/ekholmsnas\/\"},{\"@type\":\"ListItem\",\"position\":2,\"name\":\"Caf\u00e9\"}]},{\"@type\":\"WebSite\",\"@id\":\"https:\/\/webbkurs.ei.hv.se\/~jony0028\/ekholmsnas\/#website\",\"url\":\"https:\/\/webbkurs.ei.hv.se\/~jony0028\/ekholmsnas\/\",\"name\":\"Ekholmsn\u00e4sbacken\",\"description\":\"Skid\u00e5kning p\u00e5 Liding\u00f6\",\"publisher\":{\"@id\":\"https:\/\/webbkurs.ei.hv.se\/~jony0028\/ekholmsnas\/#organization\"},\"potentialAction\":[{\"@type\":\"SearchAction\",\"target\":{\"@type\":\"EntryPoint\",\"urlTemplate\":\"https:\/\/webbkurs.ei.hv.se\/~jony0028\/ekholmsnas\/?s={search_term_string}\"},\"query-input\":{\"@type\":\"PropertyValueSpecification\",\"valueRequired\":true,\"valueName\":\"search_term_string\"}}],\"inLanguage\":\"sv-SE\"},{\"@type\":\"Organization\",\"@id\":\"https:\/\/webbkurs.ei.hv.se\/~jony0028\/ekholmsnas\/#organization\",\"name\":\"Ekholmsn\u00e4sbacken\",\"url\":\"https:\/\/webbkurs.ei.hv.se\/~jony0028\/ekholmsnas\/\",\"logo\":{\"@type\":\"ImageObject\",\"inLanguage\":\"sv-SE\",\"@id\":\"https:\/\/webbkurs.ei.hv.se\/~jony0028\/ekholmsnas\/#\/schema\/logo\/image\/\",\"url\":\"https:\/\/webbkurs.ei.hv.se\/~jony0028\/ekholmsnas\/wp-content\/uploads\/2026\/02\/logo_green.webp\",\"contentUrl\":\"https:\/\/webbkurs.ei.hv.se\/~jony0028\/ekholmsnas\/wp-content\/uploads\/2026\/02\/logo_green.webp\",\"width\":1701,\"height\":850,\"caption\":\"Ekholmsn\u00e4sbacken\"},\"image\":{\"@id\":\"https:\/\/webbkurs.ei.hv.se\/~jony0028\/ekholmsnas\/#\/schema\/logo\/image\/\"},\"sameAs\":[\"https:\/\/www.facebook.com\/ekholmsnas\",\"https:\/\/www.instagram.com\/ekholmsnasbacken_lidingo\"]}]}<\/script>\n<!-- \/ Yoast SEO plugin. -->","yoast_head_json":{"title":"Caf\u00e9 - Ekholmsn\u00e4sbacken","robots":{"index":"noindex","follow":"follow","max-snippet":"max-snippet:-1","max-image-preview":"max-image-preview:large","max-video-preview":"max-video-preview:-1"},"og_locale":"sv_SE","og_type":"article","og_title":"Caf\u00e9 - Ekholmsn\u00e4sbacken","og_description":"Caf\u00e9 Ekholmsn\u00e4sbacken Caf\u00e9et har samma \u00f6ppettider som anl\u00e4ggningen Caf\u00e9 i backen V\u00e4rm dig och ta en paus hos oss! Du hittar caf\u00e9et i samma byggnad som skiduthyrningen, precis intill ankarliften. Vi erbjuder fika, dryck och god mat f\u00f6r b\u00e5de stora och sm\u00e5. Meny Vi serverar bland annat grillmackor med sallad, hamburgare och pannkakor samt fika [&hellip;]","og_url":"https:\/\/webbkurs.ei.hv.se\/~jony0028\/ekholmsnas\/cafe\/","og_site_name":"Ekholmsn\u00e4sbacken","article_publisher":"https:\/\/www.facebook.com\/ekholmsnas","article_modified_time":"2026-04-10T10:16:10+00:00","og_image":[{"width":1920,"height":1920,"url":"https:\/\/webbkurs.ei.hv.se\/~jony0028\/ekholmsnas\/wp-content\/uploads\/2026\/03\/Namnlos-design-21.webp","type":"image\/webp"}],"twitter_card":"summary_large_image","twitter_misc":{"Ber\u00e4knad l\u00e4stid":"1 minut"},"schema":{"@context":"https:\/\/schema.org","@graph":[{"@type":"WebPage","@id":"https:\/\/webbkurs.ei.hv.se\/~jony0028\/ekholmsnas\/cafe\/","url":"https:\/\/webbkurs.ei.hv.se\/~jony0028\/ekholmsnas\/cafe\/","name":"Caf\u00e9 - Ekholmsn\u00e4sbacken","isPartOf":{"@id":"https:\/\/webbkurs.ei.hv.se\/~jony0028\/ekholmsnas\/#website"},"primaryImageOfPage":{"@id":"https:\/\/webbkurs.ei.hv.se\/~jony0028\/ekholmsnas\/cafe\/#primaryimage"},"image":{"@id":"https:\/\/webbkurs.ei.hv.se\/~jony0028\/ekholmsnas\/cafe\/#primaryimage"},"thumbnailUrl":"https:\/\/webbkurs.ei.hv.se\/~jony0028\/ekholmsnas\/wp-content\/uploads\/2026\/03\/Namnlos-design-21-1024x1024.webp","datePublished":"2026-02-26T13:05:17+00:00","dateModified":"2026-04-10T10:16:10+00:00","breadcrumb":{"@id":"https:\/\/webbkurs.ei.hv.se\/~jony0028\/ekholmsnas\/cafe\/#breadcrumb"},"inLanguage":"sv-SE","potentialAction":[{"@type":"ReadAction","target":["https:\/\/webbkurs.ei.hv.se\/~jony0028\/ekholmsnas\/cafe\/"]}]},{"@type":"ImageObject","inLanguage":"sv-SE","@id":"https:\/\/webbkurs.ei.hv.se\/~jony0028\/ekholmsnas\/cafe\/#primaryimage","url":"https:\/\/webbkurs.ei.hv.se\/~jony0028\/ekholmsnas\/wp-content\/uploads\/2026\/03\/Namnlos-design-21.webp","contentUrl":"https:\/\/webbkurs.ei.hv.se\/~jony0028\/ekholmsnas\/wp-content\/uploads\/2026\/03\/Namnlos-design-21.webp","width":1920,"height":1920,"caption":"Varm choklad med gr\u00e4dde och muffin i caf\u00e9et"},{"@type":"BreadcrumbList","@id":"https:\/\/webbkurs.ei.hv.se\/~jony0028\/ekholmsnas\/cafe\/#breadcrumb","itemListElement":[{"@type":"ListItem","position":1,"name":"Hem","item":"https:\/\/webbkurs.ei.hv.se\/~jony0028\/ekholmsnas\/"},{"@type":"ListItem","position":2,"name":"Caf\u00e9"}]},{"@type":"WebSite","@id":"https:\/\/webbkurs.ei.hv.se\/~jony0028\/ekholmsnas\/#website","url":"https:\/\/webbkurs.ei.hv.se\/~jony0028\/ekholmsnas\/","name":"Ekholmsn\u00e4sbacken","description":"Skid\u00e5kning p\u00e5 Liding\u00f6","publisher":{"@id":"https:\/\/webbkurs.ei.hv.se\/~jony0028\/ekholmsnas\/#organization"},"potentialAction":[{"@type":"SearchAction","target":{"@type":"EntryPoint","urlTemplate":"https:\/\/webbkurs.ei.hv.se\/~jony0028\/ekholmsnas\/?s={search_term_string}"},"query-input":{"@type":"PropertyValueSpecification","valueRequired":true,"valueName":"search_term_string"}}],"inLanguage":"sv-SE"},{"@type":"Organization","@id":"https:\/\/webbkurs.ei.hv.se\/~jony0028\/ekholmsnas\/#organization","name":"Ekholmsn\u00e4sbacken","url":"https:\/\/webbkurs.ei.hv.se\/~jony0028\/ekholmsnas\/","logo":{"@type":"ImageObject","inLanguage":"sv-SE","@id":"https:\/\/webbkurs.ei.hv.se\/~jony0028\/ekholmsnas\/#\/schema\/logo\/image\/","url":"https:\/\/webbkurs.ei.hv.se\/~jony0028\/ekholmsnas\/wp-content\/uploads\/2026\/02\/logo_green.webp","contentUrl":"https:\/\/webbkurs.ei.hv.se\/~jony0028\/ekholmsnas\/wp-content\/uploads\/2026\/02\/logo_green.webp","width":1701,"height":850,"caption":"Ekholmsn\u00e4sbacken"},"image":{"@id":"https:\/\/webbkurs.ei.hv.se\/~jony0028\/ekholmsnas\/#\/schema\/logo\/image\/"},"sameAs":["https:\/\/www.facebook.com\/ekholmsnas","https:\/\/www.instagram.com\/ekholmsnasbacken_lidingo"]}]}},"_links":{"self":[{"href":"https:\/\/webbkurs.ei.hv.se\/~jony0028\/ekholmsnas\/wp-json\/wp\/v2\/pages\/43","targetHints":{"allow":["GET"]}}],"collection":[{"href":"https:\/\/webbkurs.ei.hv.se\/~jony0028\/ekholmsnas\/wp-json\/wp\/v2\/pages"}],"about":[{"href":"https:\/\/webbkurs.ei.hv.se\/~jony0028\/ekholmsnas\/wp-json\/wp\/v2\/types\/page"}],"author":[{"embeddable":true,"href":"https:\/\/webbkurs.ei.hv.se\/~jony0028\/ekholmsnas\/wp-json\/wp\/v2\/users\/1"}],"replies":[{"embeddable":true,"href":"https:\/\/webbkurs.ei.hv.se\/~jony0028\/ekholmsnas\/wp-json\/wp\/v2\/comments?post=43"}],"version-history":[{"count":6,"href":"https:\/\/webbkurs.ei.hv.se\/~jony0028\/ekholmsnas\/wp-json\/wp\/v2\/pages\/43\/revisions"}],"predecessor-version":[{"id":2175,"href":"https:\/\/webbkurs.ei.hv.se\/~jony0028\/ekholmsnas\/wp-json\/wp\/v2\/pages\/43\/revisions\/2175"}],"wp:attachment":[{"href":"https:\/\/webbkurs.ei.hv.se\/~jony0028\/ekholmsnas\/wp-json\/wp\/v2\/media?parent=43"}],"curies":[{"name":"wp","href":"https:\/\/api.w.org\/{rel}","templated":true}]}}